{"id":1482,"date":"2017-11-25T17:16:44","date_gmt":"2017-11-25T08:16:44","guid":{"rendered":"http:\/\/www.kawachigazai.co.jp\/wp1\/?page_id=1482"},"modified":"2019-04-18T09:27:21","modified_gmt":"2019-04-18T00:27:21","slug":"goods","status":"publish","type":"page","link":"https:\/\/www.kawachigazai.co.jp\/wp1\/place_des_arts\/goods\/","title":{"rendered":"\u30aa\u30ea\u30b8\u30ca\u30eb\u30b0\u30c3\u30ba\u5236\u4f5c\u30b5\u30fc\u30d3\u30b9"},"content":{"rendered":"<p>\u30ab\u30ef\u30c1\u753b\u6750\u30fb\u30d7\u30e9\u30b9\u30c7\u30b6\u30fc\u30eb\u4e8b\u696d\u90e8\u3067\u306f\u5c0f\u30ed\u30c3\u30c8\u30aa\u30ea\u30b8\u30ca\u30eb\u30b0\u30c3\u30ba\u5236\u4f5c\u30b5\u30fc\u30d3\u30b9\u3092\u958b\u59cb\u81f4\u3057\u307e\u3059\u3002<br \/>\n\u500b\u5c55\u3084\u30a4\u30d9\u30f3\u30c8\u3067\u5c11\u3057\u3060\u3051\u30b0\u30c3\u30ba\u304c\u307b\u3057\u3044\u3068\u3044\u3046\u65b9\u306b\u304a\u52e7\u3081\u3067\u3059\u3002<\/p>\n<p>\u25cb\u30de\u30b0\u30ab\u30c3\u30d7<br \/>\n\u30b5\u30a4\u30ba\uff1a\u76f4\u5f84\u7d048.2cm\u00d7\u9ad8\u3055\u7d049.5cm\u3000\u7bb1\u4ed8\u304d<br \/>\n\u5370\u5237\u30b5\u30a4\u30ba\uff1a8cm\u00d718cm\u3000\u6607\u83ef\u30d7\u30ea\u30f3\u30c8<br \/>\n\u5236\u4f5c\u30ed\u30c3\u30c8\uff1a3\u500b\uff08\u4f46\u30573\u67c4\u54041\u500b\u3067\u3082OK\uff09<br \/>\n\u4fa1\u3000\u683c\uff1a3\u500b\u30003240\u5186<br \/>\n\u7d0d\u3000\u671f\uff1a\u7d0410\u65e5\uff5e2\u9031\u9593<br \/>\n\u7d0d\u54c1\u65b9\u6cd5\uff1a\u7740\u6255\u3044\u3001\u3082\u3057\u304f\u306f\u5e97\u982d\u5f15\u304d\u6e21\u3057\uff08\u5e97\u982d\u5f15\u304d\u6e21\u3057\u306e\u5834\u5408\u306f\u9001\u6599\u7121\u6599\uff09<br \/>\n\u4e0b\u8a18\u306e\u30a8\u30f3\u30c8\u30ea\u30fc\u30d5\u30a9\u30fc\u30e0\u306b\u5fc5\u8981\u4e8b\u9805\u3092\u3054\u8a18\u5165\u306e\u4e0a\u30c7\u30fc\u30bf\u3092\u6dfb\u4ed8\u3057\u3066\u4e0b\u3055\u3044\u3002<br \/>\n\u30c7\u30fc\u30bf\u78ba\u8a8d\u5f8c\u3001\u304a\u632f\u8fbc\u5408\u8a08\u91d1\u984d\u30fb\u304a\u632f\u8fbc\u5148\u3092\u30e1\u30fc\u30eb\u3055\u305b\u3066\u9802\u304d\u307e\u3059\u3002<br \/>\n\u203b\u3054\u5165\u91d1\u78ba\u8a8d\u5f8c\u5236\u4f5c\u3092\u958b\u59cb\u3044\u305f\u3057\u307e\u3059\u3002<\/p>\n<p><a href=\"http:\/\/www.kawachigazai.co.jp\/wp1\/wp-content\/uploads\/2017\/11\/mug00.jpg\"><img data-attachment-id=\"1477\" data-permalink=\"https:\/\/www.kawachigazai.co.jp\/wp1\/mug00\/\" data-orig-file=\"https:\/\/www.kawachigazai.co.jp\/wp1\/wp-content\/uploads\/2017\/11\/mug00.jpg\" data-orig-size=\"800,428\" data-comments-opened=\"1\" data-image-meta=\"{&quot;aperture&quot;:&quot;0&quot;,&quot;credit&quot;:&quot;&quot;,&quot;camera&quot;:&quot;&quot;,&quot;caption&quot;:&quot;&quot;,&quot;created_timestamp&quot;:&quot;0&quot;,&quot;copyright&quot;:&quot;&quot;,&quot;focal_length&quot;:&quot;0&quot;,&quot;iso&quot;:&quot;0&quot;,&quot;shutter_speed&quot;:&quot;0&quot;,&quot;title&quot;:&quot;&quot;,&quot;orientation&quot;:&quot;0&quot;}\" data-image-title=\"mug00\" data-image-description=\"\" data-medium-file=\"https:\/\/www.kawachigazai.co.jp\/wp1\/wp-content\/uploads\/2017\/11\/mug00-300x161.jpg\" data-large-file=\"https:\/\/www.kawachigazai.co.jp\/wp1\/wp-content\/uploads\/2017\/11\/mug00.jpg\" loading=\"lazy\" class=\"aligncenter size-full wp-image-1477\" src=\"http:\/\/www.kawachigazai.co.jp\/wp1\/wp-content\/uploads\/2017\/11\/mug00.jpg\" alt=\"\" width=\"800\" height=\"428\" srcset=\"https:\/\/www.kawachigazai.co.jp\/wp1\/wp-content\/uploads\/2017\/11\/mug00.jpg 800w, https:\/\/www.kawachigazai.co.jp\/wp1\/wp-content\/uploads\/2017\/11\/mug00-300x161.jpg 300w, https:\/\/www.kawachigazai.co.jp\/wp1\/wp-content\/uploads\/2017\/11\/mug00-768x411.jpg 768w\" sizes=\"(max-width: 800px) 100vw, 800px\" \/><\/a><\/p>\n<p>\u25cb\u7f36\u30d0\u30c3\u30b8<br \/>\n\u30b5\u30a4\u30ba\uff1a\u76f4\u5f84\u7d043.2cm<br \/>\n\u5370\u5237\u30b5\u30a4\u30ba\uff1a3.2cm\u00d73.2cm\u3000\u30aa\u30f3\u30c7\u30de\u30f3\u30c9\u5370\u5237<br \/>\n\u5236\u4f5c\u30ed\u30c3\u30c8\uff1a10\u500b\uff08\u4f46\u305710\u67c4\u54041\u500b\u3067\u3082OK\uff09<br \/>\n\u4fa1\u3000\u683c\uff1a10\u500b\u3000648\u5186<br \/>\n\u7d0d\u3000\u671f\uff1a\u7d0410\u65e5\uff5e2\u9031\u9593<br \/>\n\u7d0d\u54c1\u65b9\u6cd5\uff1a\u7740\u6255\u3044\u3001\u3082\u3057\u304f\u306f\u5e97\u982d\u5f15\u304d\u6e21\u3057\uff08\u5e97\u982d\u5f15\u304d\u6e21\u3057\u306e\u5834\u5408\u306f\u9001\u6599\u7121\u6599\uff09<br \/>\n\u4e0b\u8a18\u306e\u30a8\u30f3\u30c8\u30ea\u30fc\u30d5\u30a9\u30fc\u30e0\u306b\u5fc5\u8981\u4e8b\u9805\u3092\u3054\u8a18\u5165\u306e\u4e0a\u30c7\u30fc\u30bf\u3092\u6dfb\u4ed8\u3057\u3066\u4e0b\u3055\u3044\u3002<br \/>\n\u30c7\u30fc\u30bf\u78ba\u8a8d\u5f8c\u3001\u304a\u632f\u8fbc\u5408\u8a08\u91d1\u984d\u30fb\u304a\u632f\u8fbc\u5148\u3092\u30e1\u30fc\u30eb\u3055\u305b\u3066\u9802\u304d\u307e\u3059\u3002<br \/>\n\u203b\u3054\u5165\u91d1\u78ba\u8a8d\u5f8c\u5236\u4f5c\u3092\u958b\u59cb\u3044\u305f\u3057\u307e\u3059\u3002<\/p>\n<p><a href=\"http:\/\/www.kawachigazai.co.jp\/wp1\/wp-content\/uploads\/2017\/11\/kan.jpg\"><img data-attachment-id=\"1479\" data-permalink=\"https:\/\/www.kawachigazai.co.jp\/wp1\/kan-2\/\" data-orig-file=\"https:\/\/www.kawachigazai.co.jp\/wp1\/wp-content\/uploads\/2017\/11\/kan.jpg\" data-orig-size=\"800,415\" data-comments-opened=\"1\" data-image-meta=\"{&quot;aperture&quot;:&quot;0&quot;,&quot;credit&quot;:&quot;&quot;,&quot;camera&quot;:&quot;&quot;,&quot;caption&quot;:&quot;&quot;,&quot;created_timestamp&quot;:&quot;0&quot;,&quot;copyright&quot;:&quot;&quot;,&quot;focal_length&quot;:&quot;0&quot;,&quot;iso&quot;:&quot;0&quot;,&quot;shutter_speed&quot;:&quot;0&quot;,&quot;title&quot;:&quot;&quot;,&quot;orientation&quot;:&quot;0&quot;}\" data-image-title=\"kan\" data-image-description=\"\" data-medium-file=\"https:\/\/www.kawachigazai.co.jp\/wp1\/wp-content\/uploads\/2017\/11\/kan-300x156.jpg\" data-large-file=\"https:\/\/www.kawachigazai.co.jp\/wp1\/wp-content\/uploads\/2017\/11\/kan.jpg\" loading=\"lazy\" class=\"aligncenter size-full wp-image-1479\" src=\"http:\/\/www.kawachigazai.co.jp\/wp1\/wp-content\/uploads\/2017\/11\/kan.jpg\" alt=\"\" width=\"800\" height=\"415\" srcset=\"https:\/\/www.kawachigazai.co.jp\/wp1\/wp-content\/uploads\/2017\/11\/kan.jpg 800w, https:\/\/www.kawachigazai.co.jp\/wp1\/wp-content\/uploads\/2017\/11\/kan-300x156.jpg 300w, https:\/\/www.kawachigazai.co.jp\/wp1\/wp-content\/uploads\/2017\/11\/kan-768x398.jpg 768w\" sizes=\"(max-width: 800px) 100vw, 800px\" \/><\/a><\/p>\n<p>\u25cb\u30da\u30fc\u30d1\u30fc3D\u30ad\u30e3\u30f3\u30d0\u30b9180\u00d7180<br \/>\n\u30b5\u30a4\u30ba\uff1a18cm\u00d718cm\u00d73.5cm\u3000\u30a4\u30f3\u30af\u30b8\u30a7\u30c3\u30c8\u30d7\u30ea\u30f3\u30c8<br \/>\n\u5370\u5237\u30b5\u30a4\u30ba\uff1a\u6b63\u976218cm\u3000\u5074\u97623.5cm<br \/>\n\u5236\u4f5c\u30ed\u30c3\u30c8\uff1a1\u679a<br \/>\n\u4fa1\u3000\u683c\uff1a1\u679a\u30001620\u5186\uff08\u5e73\u677f\u306e\u72b6\u614b\u3067\u7d0d\u54c1\uff09<br \/>\n\u7d0d\u3000\u671f\uff1a\u7d0410\u65e5\uff5e2\u9031\u9593<br \/>\n\u7d0d\u54c1\u65b9\u6cd5\uff1a\u7740\u6255\u3044\u3001\u3082\u3057\u304f\u306f\u5e97\u982d\u5f15\u304d\u6e21\u3057\uff08\u5e97\u982d\u5f15\u304d\u6e21\u3057\u306e\u5834\u5408\u306f\u9001\u6599\u7121\u6599\uff09<br \/>\n\u4e0b\u8a18\u306e\u30a8\u30f3\u30c8\u30ea\u30fc\u30d5\u30a9\u30fc\u30e0\u306b\u5fc5\u8981\u4e8b\u9805\u3092\u3054\u8a18\u5165\u306e\u4e0a\u30c7\u30fc\u30bf\u3092\u6dfb\u4ed8\u3057\u3066\u4e0b\u3055\u3044\u3002<br \/>\n\u30c7\u30fc\u30bf\u78ba\u8a8d\u5f8c\u3001\u304a\u632f\u8fbc\u5408\u8a08\u91d1\u984d\u30fb\u304a\u632f\u8fbc\u5148\u3092\u30e1\u30fc\u30eb\u3055\u305b\u3066\u9802\u304d\u307e\u3059\u3002<br \/>\n\u203b\u3054\u5165\u91d1\u78ba\u8a8d\u5f8c\u5236\u4f5c\u3092\u958b\u59cb\u3044\u305f\u3057\u307e\u3059\u3002<\/p>\n<p><a href=\"http:\/\/www.kawachigazai.co.jp\/wp1\/wp-content\/uploads\/2017\/11\/p3d.jpg\"><img data-attachment-id=\"1478\" data-permalink=\"https:\/\/www.kawachigazai.co.jp\/wp1\/p3d-2\/\" data-orig-file=\"https:\/\/www.kawachigazai.co.jp\/wp1\/wp-content\/uploads\/2017\/11\/p3d.jpg\" data-orig-size=\"800,415\" data-comments-opened=\"1\" data-image-meta=\"{&quot;aperture&quot;:&quot;0&quot;,&quot;credit&quot;:&quot;&quot;,&quot;camera&quot;:&quot;&quot;,&quot;caption&quot;:&quot;&quot;,&quot;created_timestamp&quot;:&quot;0&quot;,&quot;copyright&quot;:&quot;&quot;,&quot;focal_length&quot;:&quot;0&quot;,&quot;iso&quot;:&quot;0&quot;,&quot;shutter_speed&quot;:&quot;0&quot;,&quot;title&quot;:&quot;&quot;,&quot;orientation&quot;:&quot;0&quot;}\" data-image-title=\"p3d\" data-image-description=\"\" data-medium-file=\"https:\/\/www.kawachigazai.co.jp\/wp1\/wp-content\/uploads\/2017\/11\/p3d-300x156.jpg\" data-large-file=\"https:\/\/www.kawachigazai.co.jp\/wp1\/wp-content\/uploads\/2017\/11\/p3d.jpg\" loading=\"lazy\" class=\"aligncenter size-full wp-image-1478\" src=\"http:\/\/www.kawachigazai.co.jp\/wp1\/wp-content\/uploads\/2017\/11\/p3d.jpg\" alt=\"\" width=\"800\" height=\"415\" srcset=\"https:\/\/www.kawachigazai.co.jp\/wp1\/wp-content\/uploads\/2017\/11\/p3d.jpg 800w, https:\/\/www.kawachigazai.co.jp\/wp1\/wp-content\/uploads\/2017\/11\/p3d-300x156.jpg 300w, https:\/\/www.kawachigazai.co.jp\/wp1\/wp-content\/uploads\/2017\/11\/p3d-768x398.jpg 768w\" sizes=\"(max-width: 800px) 100vw, 800px\" \/><\/a><\/p>\n<div role=\"form\" class=\"wpcf7\" id=\"wpcf7-f1472-o1\" lang=\"ja\" dir=\"ltr\">\n<div class=\"screen-reader-response\"><\/div>\n<form action=\"\/wp1\/wp-json\/wp\/v2\/pages\/1482#wpcf7-f1472-o1\" method=\"post\" class=\"wpcf7-form\" enctype=\"multipart\/form-data\" novalidate=\"novalidate\">\n<div style=\"display: none;\">\n<input type=\"hidden\" name=\"_wpcf7\" value=\"1472\" \/>\n<input type=\"hidden\" name=\"_wpcf7_version\" value=\"5.0.3\" \/>\n<input type=\"hidden\" name=\"_wpcf7_locale\" value=\"ja\" \/>\n<input type=\"hidden\" name=\"_wpcf7_unit_tag\" value=\"wpcf7-f1472-o1\" \/>\n<input type=\"hidden\" name=\"_wpcf7_container_post\" value=\"0\" \/>\n<\/div>\n<p><label> \u304a\u540d\u524d (\u5fc5\u9808)<br \/>\n    <span class=\"wpcf7-form-control-wrap your-name\"><input type=\"text\" name=\"your-name\" value=\"\" size=\"40\" class=\"wpcf7-form-control wpcf7-text wpcf7-validates-as-required\" aria-required=\"true\" aria-invalid=\"false\" placeholder=\"\u4f8b\uff1a\u6cb3\u5185 \u592a\u90ce\" \/><\/span> <\/label><\/p>\n<p><label> \u4f5c\u5bb6\u540d<br \/>\n    <span class=\"wpcf7-form-control-wrap pen-name\"><input type=\"text\" name=\"pen-name\" value=\"\" size=\"40\" class=\"wpcf7-form-control wpcf7-text\" aria-invalid=\"false\" \/><\/span><\/label><\/p>\n<p><label> \u90f5\u4fbf\u756a\u53f7<br \/>\n    <span class=\"wpcf7-form-control-wrap postnum\"><input type=\"text\" name=\"postnum\" value=\"\" size=\"40\" class=\"wpcf7-form-control wpcf7-text\" aria-invalid=\"false\" placeholder=\"\u4f8b\uff1a\u00d7\u00d7\u00d7-\u00d7\u00d7\u00d7\u00d7\" \/><\/span><\/label><\/p>\n<p><label> \u3054\u4f4f\u6240 (\u5fc5\u9808)<br \/>\n    <span class=\"wpcf7-form-control-wrap add\"><input type=\"text\" name=\"add\" value=\"\" size=\"40\" class=\"wpcf7-form-control wpcf7-text wpcf7-validates-as-required\" aria-required=\"true\" aria-invalid=\"false\" placeholder=\"\u4f8b\uff1a\u5927\u962a\u5e9c\u5927\u962a\u5e02\u4e2d\u592e\u533a\u5357\u8239\u58343-5-8 \u30aa\u30fc\u30af\u5fc3\u658e\u6a4b8\u968e\" \/><\/span><\/label><\/p>\n<p><label> \u304a\u96fb\u8a71\u756a\u53f7 (\u5fc5\u9808)<br \/>\n     <span class=\"wpcf7-form-control-wrap your-tel\"><input type=\"tel\" name=\"your-tel\" value=\"\" size=\"40\" class=\"wpcf7-form-control wpcf7-text wpcf7-tel wpcf7-validates-as-required wpcf7-validates-as-tel\" aria-required=\"true\" aria-invalid=\"false\" placeholder=\"\u4f8b\uff1a000-000-000\" \/><\/span><\/label><\/p>\n<p><label> \u30e1\u30fc\u30eb\u30a2\u30c9\u30ec\u30b9 (\u5fc5\u9808) \u3000\u203b\uff20kawachigazai.co.jp\u306e\u30a2\u30c9\u30ec\u30b9\u53d7\u4fe1\u8a2d\u5b9a\u3092\u304a\u9858\u3044\u3057\u307e\u3059<br \/>\n    <span class=\"wpcf7-form-control-wrap your-email\"><input type=\"email\" name=\"your-email\" value=\"\" size=\"40\" class=\"wpcf7-form-control wpcf7-text wpcf7-email wpcf7-validates-as-required wpcf7-validates-as-email\" aria-required=\"true\" aria-invalid=\"false\" placeholder=\"\u4f8b\uff1a\u00d7\u00d7\u00d7\u00d7\u00d7\u00d7\u00d7@gmail.com\" \/><\/span> <\/label><\/p>\n<p><label> \u4f5c\u98a8\u304c\u5206\u304b\u308bURL<br \/>\n     <span class=\"wpcf7-form-control-wrap your-work\"><input type=\"text\" name=\"your-work\" value=\"\" size=\"40\" class=\"wpcf7-form-control wpcf7-text\" aria-invalid=\"false\" placeholder=\"\u4f8b\uff1ahttp:\/\/www.kawachigazai.co.jp\/wp1\" \/><\/span><\/label><\/p>\n<p>\u5236\u4f5c\u5546\u6750 (\u5fc5\u9808)\u3000\u203b\u30aa\u30f3\u30e9\u30a4\u30f3\u30b9\u30c8\u30ec\u30fc\u30b8\u306e\u307f\u306e\u5834\u5408\u306f\u78ba\u8a8d\u7528\u753b\u50cf\uff08\u30b9\u30af\u30ea\u30fc\u30f3\u30b7\u30e7\u30c3\u30c8\u7b49\uff09\u3092\u6dfb\u4ed8\u4e0b\u3055\u3044<br \/>\n<span class=\"wpcf7-form-control-wrap radio-925\"><span class=\"wpcf7-form-control wpcf7-radio\"><span class=\"wpcf7-list-item first\"><label><input type=\"radio\" name=\"radio-925\" value=\"\u30de\u30b0\u30ab\u30c3\u30d73\u500b\" checked=\"checked\" \/><span class=\"wpcf7-list-item-label\">\u30de\u30b0\u30ab\u30c3\u30d73\u500b<\/span><\/label><\/span><span class=\"wpcf7-list-item\"><label><input type=\"radio\" name=\"radio-925\" value=\"\u6e6f\u5451\u307f3\u500b\" \/><span class=\"wpcf7-list-item-label\">\u6e6f\u5451\u307f3\u500b<\/span><\/label><\/span><span class=\"wpcf7-list-item\"><label><input type=\"radio\" name=\"radio-925\" value=\"\u30da\u30fc\u30d1\u30fc3D\u30ad\u30e3\u30f3\u30d0\u30b91\u679a\" \/><span class=\"wpcf7-list-item-label\">\u30da\u30fc\u30d1\u30fc3D\u30ad\u30e3\u30f3\u30d0\u30b91\u679a<\/span><\/label><\/span><span class=\"wpcf7-list-item last\"><label><input type=\"radio\" name=\"radio-925\" value=\"\u7f36\u30d0\u30c3\u30b810\u500b\" \/><span class=\"wpcf7-list-item-label\">\u7f36\u30d0\u30c3\u30b810\u500b<\/span><\/label><\/span><\/span><\/span><\/p>\n<p><label> \u30c7\u30fc\u30bf\u6dfb\u4ed8 \u3000\u30d5\u30a1\u30a4\u30eb\u5f62\u5f0f jpg\/jpeg\u3000\u30d5\u30a1\u30a4\u30eb\u30b5\u30a4\u30ba \u6700\u59271MB<br \/>\n    <span class=\"wpcf7-form-control-wrap file\"><input type=\"file\" name=\"file\" size=\"40\" class=\"wpcf7-form-control wpcf7-file wpcf7-validates-as-required\" accept=\".gif,.png,.jpg,.jpeg,.ai\" aria-required=\"true\" aria-invalid=\"false\" \/><\/span><\/label><\/p>\n<p><label> ai\u30c7\u30fc\u30bf\u306e\u65b9\u306fzip\u5f62\u5f0f\u3067<a href=\"http:\/\/gigafile.nu\/\">\u30aa\u30f3\u30e9\u30a4\u30f3\u30b9\u30c8\u30ec\u30fc\u30b8<\/a>\u3092\u3054\u5229\u7528\u306e\u4e0aURL\u306e\u30b3\u30d4\u30fc\u3092\u8a18\u5165\u304f\u3060\u3055\u3044<br \/>\n    <span class=\"wpcf7-form-control-wrap aifile\"><input type=\"text\" name=\"aifile\" value=\"\" size=\"40\" class=\"wpcf7-form-control wpcf7-text\" aria-invalid=\"false\" placeholder=\"http:\/\/\u00d7\u00d7\u00d7\u00d7\u00d7\u00d7\u00d7\u00d7\u00d7\" \/><\/span><\/label><\/p>\n<p><label> \u7d0d\u54c1\u5f62\u5f0f (\u5fc5\u9808)\u3000\u203b\u7740\u6255\u3044\u767a\u9001\u306f\u4f50\u5ddd\u6025\u4fbf\u3068\u306a\u308a\u307e\u3059\u3002<\/label><br \/>\n<span class=\"wpcf7-form-control-wrap nouhin\"><span class=\"wpcf7-form-control wpcf7-radio\"><span class=\"wpcf7-list-item first\"><label><input type=\"radio\" name=\"nouhin\" value=\"\u7740\u6255\u3044\" checked=\"checked\" \/><span class=\"wpcf7-list-item-label\">\u7740\u6255\u3044<\/span><\/label><\/span><span class=\"wpcf7-list-item\"><label><input type=\"radio\" name=\"nouhin\" value=\"\u30ab\u30ef\u30c1\u6771\u6025\u30cf\u30f3\u30ba\u5fc3\u658e\u6a4b\u5e97\" \/><span class=\"wpcf7-list-item-label\">\u30ab\u30ef\u30c1\u6771\u6025\u30cf\u30f3\u30ba\u5fc3\u658e\u6a4b\u5e97<\/span><\/label><\/span><span class=\"wpcf7-list-item\"><label><input type=\"radio\" name=\"nouhin\" value=\"\u30ab\u30ef\u30c1\u962a\u6025\u4e09\u756a\u8857\u5e97\" \/><span class=\"wpcf7-list-item-label\">\u30ab\u30ef\u30c1\u962a\u6025\u4e09\u756a\u8857\u5e97<\/span><\/label><\/span><span class=\"wpcf7-list-item\"><label><input type=\"radio\" name=\"nouhin\" value=\"\u30ab\u30ef\u30c1\u3042\u3079\u306eHoop\u5e97\" \/><span class=\"wpcf7-list-item-label\">\u30ab\u30ef\u30c1\u3042\u3079\u306eHoop\u5e97<\/span><\/label><\/span><span class=\"wpcf7-list-item\"><label><input type=\"radio\" name=\"nouhin\" value=\"\u30ab\u30ef\u30c1\u4e09\u5bae\u5e97\" \/><span class=\"wpcf7-list-item-label\">\u30ab\u30ef\u30c1\u4e09\u5bae\u5e97<\/span><\/label><\/span><span class=\"wpcf7-list-item last\"><label><input type=\"radio\" name=\"nouhin\" value=\"\u30ab\u30ef\u30c1\u4f01\u753b\u90e8\" \/><span class=\"wpcf7-list-item-label\">\u30ab\u30ef\u30c1\u4f01\u753b\u90e8<\/span><\/label><\/span><\/span><\/span><\/p>\n<p><label> \u5236\u4f5c\u6570\u3000\u203b\u5236\u4f5c\u679a\u6570\u3092\u3054\u8a18\u5165\u4e0b\u3055\u3044\u3002\u300c\u30de\u30b0\u30ab\u30c3\u30d76\u500b\u300d\u306a\u3069<br \/>\n    <span class=\"wpcf7-form-control-wrap your-message\"><textarea name=\"your-message\" cols=\"40\" rows=\"10\" class=\"wpcf7-form-control wpcf7-textarea\" aria-invalid=\"false\"><\/textarea><\/span> <\/label><\/p>\n<p><input type=\"submit\" value=\"\u9001\u4fe1\" class=\"wpcf7-form-control wpcf7-submit\" \/><\/p>\n<div class=\"wpcf7-response-output wpcf7-display-none\"><\/div><\/form><\/div>\n","protected":false},"excerpt":{"rendered":"\u30ab\u30ef\u30c1\u753b\u6750\u30fb\u30d7\u30e9\u30b9\u30c7\u30b6\u30fc\u30eb\u4e8b\u696d\u90e8\u3067\u306f\u5c0f\u30ed\u30c3\u30c8\u30aa\u30ea\u30b8\u30ca\u30eb\u30b0\u30c3\u30ba\u5236\u4f5c\u30b5\u30fc\u30d3\u30b9\u3092\u958b\u59cb\u81f4\u3057\u307e\u3059\u3002 \u500b\u5c55\u3084\u30a4\u30d9\u30f3\u30c8\u3067\u5c11\u3057\u3060\u3051\u30b0\u30c3\u30ba\u304c\u307b\u3057\u3044\u3068\u3044\u3046\u65b9\u306b\u304a\u52e7\u3081\u3067\u3059\u3002 \u25cb\u30de\u30b0\u30ab\u30c3\u30d7 \u30b5\u30a4\u30ba\uff1a\u76f4\u5f84\u7d048.2cm\u00d7\u9ad8\u3055\u7d049.5cm\u3000\u7bb1\u4ed8\u304d \u5370 [&hellip;]","protected":false},"author":1,"featured_media":0,"parent":33,"menu_order":0,"comment_status":"closed","ping_status":"closed","template":"","meta":[],"_links":{"self":[{"href":"https:\/\/www.kawachigazai.co.jp\/wp1\/wp-json\/wp\/v2\/pages\/1482"}],"collection":[{"href":"https:\/\/www.kawachigazai.co.jp\/wp1\/wp-json\/wp\/v2\/pages"}],"about":[{"href":"https:\/\/www.kawachigazai.co.jp\/wp1\/wp-json\/wp\/v2\/types\/page"}],"author":[{"embeddable":true,"href":"https:\/\/www.kawachigazai.co.jp\/wp1\/wp-json\/wp\/v2\/users\/1"}],"replies":[{"embeddable":true,"href":"https:\/\/www.kawachigazai.co.jp\/wp1\/wp-json\/wp\/v2\/comments?post=1482"}],"version-history":[{"count":2,"href":"https:\/\/www.kawachigazai.co.jp\/wp1\/wp-json\/wp\/v2\/pages\/1482\/revisions"}],"predecessor-version":[{"id":2210,"href":"https:\/\/www.kawachigazai.co.jp\/wp1\/wp-json\/wp\/v2\/pages\/1482\/revisions\/2210"}],"up":[{"embeddable":true,"href":"https:\/\/www.kawachigazai.co.jp\/wp1\/wp-json\/wp\/v2\/pages\/33"}],"wp:attachment":[{"href":"https:\/\/www.kawachigazai.co.jp\/wp1\/wp-json\/wp\/v2\/media?parent=1482"}],"curies":[{"name":"wp","href":"https:\/\/api.w.org\/{rel}","templated":true}]}}