{"id":1141,"date":"2017-06-06T00:30:06","date_gmt":"2017-06-05T15:30:06","guid":{"rendered":"http:\/\/www.kawachigazai.co.jp\/wp1\/?page_id=1141"},"modified":"2019-01-12T12:09:22","modified_gmt":"2019-01-12T03:09:22","slug":"form","status":"publish","type":"page","link":"http:\/\/www.kawachigazai.co.jp\/wp1\/form\/","title":{"rendered":"\u30a8\u30f3\u30c8\u30ea\u30fc\u30d5\u30a9\u30fc\u30e0"},"content":{"rendered":"<p>\u5fc5\u8981\u4e8b\u9805\u3092\u8a18\u5165\u306e\u4e0a\u3001\u9001\u4fe1\u30dc\u30bf\u30f3\u3092\u62bc\u3057\u3066\u304f\u3060\u3055\u3044\u3002<br \/>\n<div role=\"form\" class=\"wpcf7\" id=\"wpcf7-f1133-o1\" lang=\"ja\" dir=\"ltr\">\n<div class=\"screen-reader-response\"><\/div>\n<form action=\"\/wp1\/wp-json\/wp\/v2\/pages\/1141#wpcf7-f1133-o1\" method=\"post\" class=\"wpcf7-form\" enctype=\"multipart\/form-data\" novalidate=\"novalidate\">\n<div style=\"display: none;\">\n<input type=\"hidden\" name=\"_wpcf7\" value=\"1133\" \/>\n<input type=\"hidden\" name=\"_wpcf7_version\" value=\"5.0.3\" \/>\n<input type=\"hidden\" name=\"_wpcf7_locale\" value=\"ja\" \/>\n<input type=\"hidden\" name=\"_wpcf7_unit_tag\" value=\"wpcf7-f1133-o1\" \/>\n<input type=\"hidden\" name=\"_wpcf7_container_post\" value=\"0\" \/>\n<\/div>\n<p><label> \u304a\u540d\u524d (\u5fc5\u9808)<br \/>\n    <span class=\"wpcf7-form-control-wrap your-name\"><input type=\"text\" name=\"your-name\" value=\"\" size=\"40\" class=\"wpcf7-form-control wpcf7-text wpcf7-validates-as-required\" aria-required=\"true\" aria-invalid=\"false\" placeholder=\"\u4f8b\uff1a\u6cb3\u5185 \u592a\u90ce\" \/><\/span> <\/label><\/p>\n<p><label> \u4f5c\u5bb6\u540d<br \/>\n    <span class=\"wpcf7-form-control-wrap pen-name\"><input type=\"text\" name=\"pen-name\" value=\"\" size=\"40\" class=\"wpcf7-form-control wpcf7-text\" aria-invalid=\"false\" \/><\/span><\/label><\/p>\n<p><label> \u90f5\u4fbf\u756a\u53f7<br \/>\n    <span class=\"wpcf7-form-control-wrap postnum\"><input type=\"text\" name=\"postnum\" value=\"\" size=\"40\" class=\"wpcf7-form-control wpcf7-text\" aria-invalid=\"false\" placeholder=\"\u4f8b\uff1a\u00d7\u00d7\u00d7-\u00d7\u00d7\u00d7\u00d7\" \/><\/span><\/label><\/p>\n<p><label> \u3054\u4f4f\u6240 (\u5fc5\u9808)<br \/>\n    <span class=\"wpcf7-form-control-wrap add\"><input type=\"text\" name=\"add\" value=\"\" size=\"40\" class=\"wpcf7-form-control wpcf7-text wpcf7-validates-as-required\" aria-required=\"true\" aria-invalid=\"false\" placeholder=\"\u4f8b\uff1a\u5927\u962a\u5e9c\u5927\u962a\u5e02\u4e2d\u592e\u533a\u5357\u8239\u58343-5-8 \u30aa\u30fc\u30af\u5fc3\u658e\u6a4b8\u968e\" \/><\/span><\/label><\/p>\n<p><label> \u304a\u96fb\u8a71\u756a\u53f7 (\u5fc5\u9808)<br \/>\n     <span class=\"wpcf7-form-control-wrap your-tel\"><input type=\"tel\" name=\"your-tel\" value=\"\" size=\"40\" class=\"wpcf7-form-control wpcf7-text wpcf7-tel wpcf7-validates-as-required wpcf7-validates-as-tel\" aria-required=\"true\" aria-invalid=\"false\" placeholder=\"\u4f8b\uff1a000-000-000\" \/><\/span><\/label><\/p>\n<p><label> \u30e1\u30fc\u30eb\u30a2\u30c9\u30ec\u30b9 (\u5fc5\u9808) \u3000\u203b\uff20kawachigazai.co.jp\u306e\u30a2\u30c9\u30ec\u30b9\u53d7\u4fe1\u8a2d\u5b9a\u3092\u304a\u9858\u3044\u3057\u307e\u3059<br \/>\n    <span class=\"wpcf7-form-control-wrap your-email\"><input type=\"email\" name=\"your-email\" value=\"\" size=\"40\" class=\"wpcf7-form-control wpcf7-text wpcf7-email wpcf7-validates-as-required wpcf7-validates-as-email\" aria-required=\"true\" aria-invalid=\"false\" placeholder=\"\u4f8b\uff1a\u00d7\u00d7\u00d7\u00d7\u00d7\u00d7\u00d7@gmail.com\" \/><\/span> <\/label><\/p>\n<p><label> \u4f5c\u98a8\u304c\u5206\u304b\u308bURL<br \/>\n     <span class=\"wpcf7-form-control-wrap your-work\"><input type=\"text\" name=\"your-work\" value=\"\" size=\"40\" class=\"wpcf7-form-control wpcf7-text\" aria-invalid=\"false\" placeholder=\"\u4f8b\uff1ahttp:\/\/www.kawachigazai.co.jp\/wp1\" \/><\/span><\/label><\/p>\n<p>\u51fa\u5c55\u30a4\u30d9\u30f3\u30c8 (\u5fc5\u9808)\u3000\u203b\u30aa\u30f3\u30e9\u30a4\u30f3\u30b9\u30c8\u30ec\u30fc\u30b8\u306e\u307f\u306e\u5834\u5408\u306f\u78ba\u8a8d\u7528\u753b\u50cf\uff08\u30b9\u30af\u30ea\u30fc\u30f3\u30b7\u30e7\u30c3\u30c8\u7b49\uff09\u3092\u6dfb\u4ed8\u4e0b\u3055\u3044<br \/>\n<span class=\"wpcf7-form-control-wrap radio-925\"><span class=\"wpcf7-form-control wpcf7-radio\"><span class=\"wpcf7-list-item first\"><label><input type=\"radio\" name=\"radio-925\" value=\"00ARTIST\u00d7\u30de\u30b0\u30ab\u30c3\u30d7\u5c55\" checked=\"checked\" \/><span class=\"wpcf7-list-item-label\">00ARTIST\u00d7\u30de\u30b0\u30ab\u30c3\u30d7\u5c55<\/span><\/label><\/span><span class=\"wpcf7-list-item\"><label><input type=\"radio\" name=\"radio-925\" value=\"00ARTIST\u00d7\u6e6f\u5451\u307f\u5c55\" \/><span class=\"wpcf7-list-item-label\">00ARTIST\u00d7\u6e6f\u5451\u307f\u5c55<\/span><\/label><\/span><span class=\"wpcf7-list-item last\"><label><input type=\"radio\" name=\"radio-925\" value=\"00ARTIST\u00d7\u30da\u30fc\u30d1\u30fc3D\u30ad\u30e3\u30f3\u30d0\u30b9\u5c55\" \/><span class=\"wpcf7-list-item-label\">00ARTIST\u00d7\u30da\u30fc\u30d1\u30fc3D\u30ad\u30e3\u30f3\u30d0\u30b9\u5c55<\/span><\/label><\/span><\/span><\/span><\/p>\n<p><label> \u30c7\u30fc\u30bf\u6dfb\u4ed8 \u3000\u30d5\u30a1\u30a4\u30eb\u5f62\u5f0f jpg\/jpeg\u3000\u30d5\u30a1\u30a4\u30eb\u30b5\u30a4\u30ba \u6700\u59271MB<br \/>\n    <span class=\"wpcf7-form-control-wrap file\"><input type=\"file\" name=\"file\" size=\"40\" class=\"wpcf7-form-control wpcf7-file wpcf7-validates-as-required\" accept=\".gif,.png,.jpg,.jpeg,.ai\" aria-required=\"true\" aria-invalid=\"false\" \/><\/span><\/label><\/p>\n<p><label> ai\u30c7\u30fc\u30bf\u306e\u65b9\u306fzip\u5f62\u5f0f\u3067<a href=\"http:\/\/gigafile.nu\/\">\u30aa\u30f3\u30e9\u30a4\u30f3\u30b9\u30c8\u30ec\u30fc\u30b8<\/a>\u3092\u3054\u5229\u7528\u306e\u4e0aURL\u306e\u30b3\u30d4\u30fc\u3092\u8a18\u5165\u304f\u3060\u3055\u3044<br \/>\n    <span class=\"wpcf7-form-control-wrap aifile\"><input type=\"text\" name=\"aifile\" value=\"\" size=\"40\" class=\"wpcf7-form-control wpcf7-text\" aria-invalid=\"false\" placeholder=\"http:\/\/\u00d7\u00d7\u00d7\u00d7\u00d7\u00d7\u00d7\u00d7\u00d7\" \/><\/span><\/label><\/p>\n<p><label> \u305d\u306e\u4ed6\u3054\u8cea\u554f<br \/>\n    <span class=\"wpcf7-form-control-wrap your-message\"><textarea name=\"your-message\" cols=\"40\" rows=\"10\" class=\"wpcf7-form-control wpcf7-textarea\" aria-invalid=\"false\"><\/textarea><\/span> <\/label><\/p>\n<p><input type=\"submit\" value=\"\u9001\u4fe1\" class=\"wpcf7-form-control wpcf7-submit\" \/><\/p>\n<div class=\"wpcf7-response-output wpcf7-display-none\"><\/div><\/form><\/div><\/p>\n","protected":false},"excerpt":{"rendered":"\u5fc5\u8981\u4e8b\u9805\u3092\u8a18\u5165\u306e\u4e0a\u3001\u9001\u4fe1\u30dc\u30bf\u30f3\u3092\u62bc\u3057\u3066\u304f\u3060\u3055\u3044\u3002","protected":false},"author":1,"featured_media":0,"parent":0,"menu_order":0,"comment_status":"closed","ping_status":"closed","template":"","meta":[],"_links":{"self":[{"href":"http:\/\/www.kawachigazai.co.jp\/wp1\/wp-json\/wp\/v2\/pages\/1141"}],"collection":[{"href":"http:\/\/www.kawachigazai.co.jp\/wp1\/wp-json\/wp\/v2\/pages"}],"about":[{"href":"http:\/\/www.kawachigazai.co.jp\/wp1\/wp-json\/wp\/v2\/types\/page"}],"author":[{"embeddable":true,"href":"http:\/\/www.kawachigazai.co.jp\/wp1\/wp-json\/wp\/v2\/users\/1"}],"replies":[{"embeddable":true,"href":"http:\/\/www.kawachigazai.co.jp\/wp1\/wp-json\/wp\/v2\/comments?post=1141"}],"version-history":[{"count":5,"href":"http:\/\/www.kawachigazai.co.jp\/wp1\/wp-json\/wp\/v2\/pages\/1141\/revisions"}],"predecessor-version":[{"id":1147,"href":"http:\/\/www.kawachigazai.co.jp\/wp1\/wp-json\/wp\/v2\/pages\/1141\/revisions\/1147"}],"wp:attachment":[{"href":"http:\/\/www.kawachigazai.co.jp\/wp1\/wp-json\/wp\/v2\/media?parent=1141"}],"curies":[{"name":"wp","href":"https:\/\/api.w.org\/{rel}","templated":true}]}}